{"id":36,"date":"2014-09-16T13:42:21","date_gmt":"2014-09-16T13:42:21","guid":{"rendered":"https:\/\/izarconsultoria.com.br\/novo\/?page_id=36"},"modified":"2018-06-25T15:10:36","modified_gmt":"2018-06-25T18:10:36","slug":"porque-izar","status":"publish","type":"page","link":"https:\/\/izarconsultoria.com.br\/novo\/","title":{"rendered":"Porque IZAR?"},"content":{"rendered":"<div class='flex_column_table av-equal-height-column-flextable -flextable' ><div class=\"flex_column av_one_full  av-animated-generic fade-in  no_margin flex_column_table_cell av-equal-height-column av-align-top av-zero-column-padding first  \" style='border-radius:0px; '><section class=\"av_textblock_section \"  itemscope=\"itemscope\" itemtype=\"https:\/\/schema.org\/CreativeWork\" ><div class='avia_textblock  '   itemprop=\"text\" ><p>[layerslider id=&#8221;1&#8243;]<\/p>\n<\/div><\/section><\/div><\/div><!--close column table wrapper. Autoclose: 1 -->\n<div class=\"flex_column av_one_full  flex_column_div av-zero-column-padding first  \" style='border-radius:0px; '><div class='avia-button-wrap avia-button-center '><a href='https:\/\/izarconsultoria.com.br\/novo\/contato' class='avia-button avia-button-fullwidth   avia-icon_select-no avia-color-custom '  style='color:#153361; background-color:#e0d316;  ' ><span class='avia_iconbox_title' >Fa\u00e7a uma Consulta sem compromisso<\/span><span class='avia_button_background avia-button avia-button-fullwidth avia-color-theme-color' ><\/span><\/a><\/div><\/div>\n<div  class='hr hr-default  '><span class='hr-inner ' ><span class='hr-inner-style'><\/span><\/span><\/div>\n<section class=\"av_textblock_section \"  itemscope=\"itemscope\" itemtype=\"https:\/\/schema.org\/CreativeWork\" ><div class='avia_textblock  '   itemprop=\"text\" ><h2><strong>A garantia de uma equipe capacitada<\/strong><\/h2>\n<p>Temos por objetivo auxiliar o andamento na sua empresa dos aspectos Tribut\u00e1rios, Fiscais e Cont\u00e1bil, criando uma satisfa\u00e7\u00e3o e otimiza\u00e7\u00e3o de recursos materiais e humanos gerando uma satisfa\u00e7\u00e3o financeira e administrativa.<br \/>\nNossa equipe \u00e9 formada por profissionais de alto n\u00edvel o que remete a um melhor servi\u00e7o prestado garantindo uma qualidade superior na atua\u00e7\u00e3o da consultoria.<br \/>\nA empresa \u00e9 dirigida por <strong>Alfredo Izar<\/strong>, que \u00e9 um profissional e acad\u00eamico ativo, o que gera uma maior din\u00e2mica nos procedimentos a serem adotados regulamentadas nas normas cont\u00e1beis.<\/p>\n<blockquote>\n<h3><strong>Sua realidade se encaixa nos nossos servi\u00e7os.<\/strong><\/h3>\n<p>\u2022 Per\u00edcia cont\u00e1bil<br \/>\n\u2022 Laudos<br \/>\n\u2022 Pareceres<br \/>\n\u2022 Atua\u00e7\u00e3o como assistente t\u00e9cnico<br \/>\n\u2022 Consultoria tribut\u00e1ria<br \/>\n\u2022 Planejamento tribut\u00e1rio<br \/>\n\u2022 Gerenciamento da carga tribut\u00e1ria das empresas<br \/>\n\u2022 Terceiriza\u00e7\u00e3o do Departamento Fiscal<br \/>\n\u2022 Recupera\u00e7\u00e3o de Impostos<br \/>\n\u2022 Benef\u00edcios Fiscais<br \/>\n\u2022 Auditoria Interna cont\u00e1bil, <em>Compliance<\/em> Tribut\u00e1rio e Fiscal<\/p>\n<\/blockquote>\n<p>Executamos atividades de forma rotineira e permanente, sendo respons\u00e1vel por monitorar e assegurar de maneira corporativa e tempestiva que os setores Cont\u00e1bil e Fiscal estejam respeitando as regras, por meio do cumprimento das normas, dos processos internos, da preven\u00e7\u00e3o e do controle de riscos envolvidos.<\/p>\n<blockquote>\n<h3><strong>Sistema de controle interno<\/strong><\/h3>\n<p>\u2022 Leis- Certificar-se da ader\u00eancia e do cumprimento<br \/>\n\u2022 Procedimentos e Controles Internos \u2013 Assegurar-se da exist\u00eancia de procedimentos associados aos processos<br \/>\n\u2022 Cultura de Controle \u2013 Busca incessante da conformidade<br \/>\n\u2022 Auditoria de Gerenciamento de Risco tribut\u00e1rio\/Fiscal<\/p>\n<\/blockquote>\n<h3><\/h3>\n<\/div><\/section>\n<div class=\"flex_column av_one_full  flex_column_div av-zero-column-padding first  \" style='border-radius:0px; '><div class='avia-button-wrap avia-button-center '><a href='http:\/\/izarconsultoria.com.br\/contato' class='avia-button avia-button-fullwidth   avia-icon_select-yes-left-icon avia-color-custom '  style='color:#153361; background-color:#e0d316;  ' ><span class='avia_button_icon avia_button_icon_left ' aria-hidden='true' data-av_icon='\ue83c' data-av_iconfont='entypo-fontello'><\/span><span class='avia_iconbox_title' >Quatro canais para melhor atend\u00ea-lo <\/span><div class='av-button-description av-button-description-below'><p>Santos, SP &#8211;\u00a0\u00a0(13) 3202-3555 \u2022 S\u00e3o Paulo, SP &#8211;\u00a0(11) 2666-3979<\/p>\n<\/div><span class='avia_button_background avia-button avia-button-fullwidth avia-color-theme-color' ><\/span><\/a><\/div><\/div><div class=\"flex_column av_one_third  flex_column_div av-zero-column-padding first  \" style='border-radius:0px; '><section class=\"av_textblock_section \"  itemscope=\"itemscope\" itemtype=\"https:\/\/schema.org\/CreativeWork\" ><div class='avia_textblock  '   itemprop=\"text\" ><h2 style=\"text-align: justify;\"><img loading=\"lazy\" decoding=\"async\" class=\"alignnone wp-image-425 size-full\" src=\"https:\/\/izarconsultoria.com.br\/novo\/wp-content\/uploads\/2018\/06\/02.jpg\" alt=\"\" width=\"540\" height=\"300\" srcset=\"https:\/\/izarconsultoria.com.br\/novo\/wp-content\/uploads\/2018\/06\/02.jpg 540w, https:\/\/izarconsultoria.com.br\/novo\/wp-content\/uploads\/2018\/06\/02-300x167.jpg 300w, https:\/\/izarconsultoria.com.br\/novo\/wp-content\/uploads\/2018\/06\/02-450x250.jpg 450w\" sizes=\"(max-width: 540px) 100vw, 540px\" \/><\/h2>\n<h2 style=\"text-align: justify;\">Quem Somos<\/h2>\n<p style=\"text-align: justify;\">Consultoria especialista em auditoria e servi\u00e7os cont\u00e1beis.<br \/>\nExcel\u00eancia na Presta\u00e7\u00e3o de Servi\u00e7os e Contabilidade.<br \/>\nTransferir conhecimentos aos nossos clientes.<br \/>\nImplementar a Cultura de Controle, atrav\u00e9s da busca incessante da conformidade<\/p>\n<\/div><\/section><\/div><\/p>\n<div class=\"flex_column av_one_third  flex_column_div av-zero-column-padding   \" style='border-radius:0px; '><section class=\"av_textblock_section \"  itemscope=\"itemscope\" itemtype=\"https:\/\/schema.org\/CreativeWork\" ><div class='avia_textblock  '   itemprop=\"text\" ><h2 style=\"text-align: justify;\"><img loading=\"lazy\" decoding=\"async\" class=\"alignnone wp-image-426 size-full\" src=\"https:\/\/izarconsultoria.com.br\/novo\/wp-content\/uploads\/2018\/06\/01.jpg\" alt=\"\" width=\"540\" height=\"300\" srcset=\"https:\/\/izarconsultoria.com.br\/novo\/wp-content\/uploads\/2018\/06\/01.jpg 540w, https:\/\/izarconsultoria.com.br\/novo\/wp-content\/uploads\/2018\/06\/01-300x167.jpg 300w, https:\/\/izarconsultoria.com.br\/novo\/wp-content\/uploads\/2018\/06\/01-450x250.jpg 450w\" sizes=\"(max-width: 540px) 100vw, 540px\" \/><\/h2>\n<h2 style=\"text-align: justify;\">Nossos Servi\u00e7os<\/h2>\n<p style=\"text-align: justify;\">Consultoria Cont\u00e1bil, Tribut\u00e1ria, Auditoria, Compliance Tribut\u00e1rio e Fiscal, Sistema e Controle interno. Atuamos no monitoramento, assegurando que os setores de Contabilidade e Fiscal respeitem as regras, as normas, processos, preven\u00e7\u00e3o e controle de riscos.<\/p>\n<\/div><\/section><\/div>\n<div class=\"flex_column av_one_third  flex_column_div av-zero-column-padding   \" style='border-radius:0px; '><section class=\"av_textblock_section \"  itemscope=\"itemscope\" itemtype=\"https:\/\/schema.org\/CreativeWork\" ><div class='avia_textblock  '   itemprop=\"text\" ><h2 style=\"text-align: justify;\"><img loading=\"lazy\" decoding=\"async\" class=\"alignnone wp-image-480 size-full\" src=\"https:\/\/izarconsultoria.com.br\/novo\/wp-content\/uploads\/2018\/06\/04.jpg\" alt=\"\" width=\"540\" height=\"300\" srcset=\"https:\/\/izarconsultoria.com.br\/novo\/wp-content\/uploads\/2018\/06\/04.jpg 540w, https:\/\/izarconsultoria.com.br\/novo\/wp-content\/uploads\/2018\/06\/04-300x167.jpg 300w, https:\/\/izarconsultoria.com.br\/novo\/wp-content\/uploads\/2018\/06\/04-450x250.jpg 450w\" sizes=\"(max-width: 540px) 100vw, 540px\" \/><\/h2>\n<h2 style=\"text-align: justify;\">Sobre a IZAR<\/h2>\n<p style=\"text-align: justify;\">Consultoria Cont\u00e1bil e Auditoria. Estamos sediados em Santos e atendemos a todo o Brasil, prestando os melhores servi\u00e7os \u00e0 pessoas e empresas. Ampla equipe capacitada e treinada para o melhor atendimento cont\u00e1bil, fiscal e jur\u00eddico tribut\u00e1rio.<\/p>\n<\/div><\/section><\/div>\n<div style=\"margin:10px 0 10px 0;\"><a href=\"whatsapp:\/\/send\" data-text=\"Porque IZAR?\" data-href=\"\" class=\"wa_btn wa_btn_l\" style=\"display:none\">Share<\/a><\/div>","protected":false},"excerpt":{"rendered":"<p>Share<\/p>\n","protected":false},"author":1,"featured_media":0,"parent":0,"menu_order":0,"comment_status":"closed","ping_status":"closed","template":"","meta":{"footnotes":""},"yoast_head":"<!-- This site is optimized with the Yoast SEO plugin v22.3 - https:\/\/yoast.com\/wordpress\/plugins\/seo\/ -->\n<title>Porque a IZAR?<\/title>\n<meta name=\"robots\" content=\"index, follow, max-snippet:-1, max-image-preview:large, max-video-preview:-1\" \/>\n<link rel=\"canonical\" href=\"https:\/\/izarconsultoria.com.br\/novo\/\" \/>\n<meta property=\"og:locale\" content=\"pt_BR\" \/>\n<meta property=\"og:type\" content=\"article\" \/>\n<meta property=\"og:title\" content=\"Porque a IZAR?\" \/>\n<meta property=\"og:description\" content=\"Share\" \/>\n<meta property=\"og:url\" content=\"https:\/\/izarconsultoria.com.br\/novo\/\" \/>\n<meta property=\"og:site_name\" content=\"Izar Consultoria\" \/>\n<meta property=\"article:modified_time\" content=\"2018-06-25T18:10:36+00:00\" \/>\n<meta property=\"og:image\" content=\"https:\/\/izarconsultoria.com.br\/novo\/wp-content\/uploads\/2018\/06\/02.jpg\" \/>\n<meta name=\"twitter:card\" content=\"summary_large_image\" \/>\n<meta name=\"twitter:label1\" content=\"Est. tempo de leitura\" \/>\n\t<meta name=\"twitter:data1\" content=\"5 minutos\" \/>\n<script type=\"application\/ld+json\" class=\"yoast-schema-graph\">{\"@context\":\"https:\/\/schema.org\",\"@graph\":[{\"@type\":\"WebPage\",\"@id\":\"https:\/\/izarconsultoria.com.br\/novo\/\",\"url\":\"https:\/\/izarconsultoria.com.br\/novo\/\",\"name\":\"Porque a IZAR?\",\"isPartOf\":{\"@id\":\"https:\/\/izarconsultoria.com.br\/novo\/#website\"},\"primaryImageOfPage\":{\"@id\":\"https:\/\/izarconsultoria.com.br\/novo\/#primaryimage\"},\"image\":{\"@id\":\"https:\/\/izarconsultoria.com.br\/novo\/#primaryimage\"},\"thumbnailUrl\":\"https:\/\/izarconsultoria.com.br\/novo\/wp-content\/uploads\/2018\/06\/02.jpg\",\"datePublished\":\"2014-09-16T13:42:21+00:00\",\"dateModified\":\"2018-06-25T18:10:36+00:00\",\"breadcrumb\":{\"@id\":\"https:\/\/izarconsultoria.com.br\/novo\/#breadcrumb\"},\"inLanguage\":\"pt-BR\",\"potentialAction\":[{\"@type\":\"ReadAction\",\"target\":[\"https:\/\/izarconsultoria.com.br\/novo\/\"]}]},{\"@type\":\"ImageObject\",\"inLanguage\":\"pt-BR\",\"@id\":\"https:\/\/izarconsultoria.com.br\/novo\/#primaryimage\",\"url\":\"https:\/\/izarconsultoria.com.br\/novo\/wp-content\/uploads\/2018\/06\/02.jpg\",\"contentUrl\":\"https:\/\/izarconsultoria.com.br\/novo\/wp-content\/uploads\/2018\/06\/02.jpg\",\"width\":540,\"height\":300},{\"@type\":\"BreadcrumbList\",\"@id\":\"https:\/\/izarconsultoria.com.br\/novo\/#breadcrumb\",\"itemListElement\":[{\"@type\":\"ListItem\",\"position\":1,\"name\":\"In\u00edcio\",\"item\":\"https:\/\/izarconsultoria.com.br\/novo\/\"},{\"@type\":\"ListItem\",\"position\":2,\"name\":\"Porque IZAR?\"}]},{\"@type\":\"WebSite\",\"@id\":\"https:\/\/izarconsultoria.com.br\/novo\/#website\",\"url\":\"https:\/\/izarconsultoria.com.br\/novo\/\",\"name\":\"Izar Consultoria\",\"description\":\"Auditoria | Contabilidade - Santos-SP | Cont\u00e1bil Fiscal\",\"potentialAction\":[{\"@type\":\"SearchAction\",\"target\":{\"@type\":\"EntryPoint\",\"urlTemplate\":\"https:\/\/izarconsultoria.com.br\/novo\/?s={search_term_string}\"},\"query-input\":\"required name=search_term_string\"}],\"inLanguage\":\"pt-BR\"}]}<\/script>\n<!-- \/ Yoast SEO plugin. -->","yoast_head_json":{"title":"Porque a IZAR?","robots":{"index":"index","follow":"follow","max-snippet":"max-snippet:-1","max-image-preview":"max-image-preview:large","max-video-preview":"max-video-preview:-1"},"canonical":"https:\/\/izarconsultoria.com.br\/novo\/","og_locale":"pt_BR","og_type":"article","og_title":"Porque a IZAR?","og_description":"Share","og_url":"https:\/\/izarconsultoria.com.br\/novo\/","og_site_name":"Izar Consultoria","article_modified_time":"2018-06-25T18:10:36+00:00","og_image":[{"url":"https:\/\/izarconsultoria.com.br\/novo\/wp-content\/uploads\/2018\/06\/02.jpg"}],"twitter_card":"summary_large_image","twitter_misc":{"Est. tempo de leitura":"5 minutos"},"schema":{"@context":"https:\/\/schema.org","@graph":[{"@type":"WebPage","@id":"https:\/\/izarconsultoria.com.br\/novo\/","url":"https:\/\/izarconsultoria.com.br\/novo\/","name":"Porque a IZAR?","isPartOf":{"@id":"https:\/\/izarconsultoria.com.br\/novo\/#website"},"primaryImageOfPage":{"@id":"https:\/\/izarconsultoria.com.br\/novo\/#primaryimage"},"image":{"@id":"https:\/\/izarconsultoria.com.br\/novo\/#primaryimage"},"thumbnailUrl":"https:\/\/izarconsultoria.com.br\/novo\/wp-content\/uploads\/2018\/06\/02.jpg","datePublished":"2014-09-16T13:42:21+00:00","dateModified":"2018-06-25T18:10:36+00:00","breadcrumb":{"@id":"https:\/\/izarconsultoria.com.br\/novo\/#breadcrumb"},"inLanguage":"pt-BR","potentialAction":[{"@type":"ReadAction","target":["https:\/\/izarconsultoria.com.br\/novo\/"]}]},{"@type":"ImageObject","inLanguage":"pt-BR","@id":"https:\/\/izarconsultoria.com.br\/novo\/#primaryimage","url":"https:\/\/izarconsultoria.com.br\/novo\/wp-content\/uploads\/2018\/06\/02.jpg","contentUrl":"https:\/\/izarconsultoria.com.br\/novo\/wp-content\/uploads\/2018\/06\/02.jpg","width":540,"height":300},{"@type":"BreadcrumbList","@id":"https:\/\/izarconsultoria.com.br\/novo\/#breadcrumb","itemListElement":[{"@type":"ListItem","position":1,"name":"In\u00edcio","item":"https:\/\/izarconsultoria.com.br\/novo\/"},{"@type":"ListItem","position":2,"name":"Porque IZAR?"}]},{"@type":"WebSite","@id":"https:\/\/izarconsultoria.com.br\/novo\/#website","url":"https:\/\/izarconsultoria.com.br\/novo\/","name":"Izar Consultoria","description":"Auditoria | Contabilidade - Santos-SP | Cont\u00e1bil Fiscal","potentialAction":[{"@type":"SearchAction","target":{"@type":"EntryPoint","urlTemplate":"https:\/\/izarconsultoria.com.br\/novo\/?s={search_term_string}"},"query-input":"required name=search_term_string"}],"inLanguage":"pt-BR"}]}},"_links":{"self":[{"href":"https:\/\/izarconsultoria.com.br\/novo\/wp-json\/wp\/v2\/pages\/36"}],"collection":[{"href":"https:\/\/izarconsultoria.com.br\/novo\/wp-json\/wp\/v2\/pages"}],"about":[{"href":"https:\/\/izarconsultoria.com.br\/novo\/wp-json\/wp\/v2\/types\/page"}],"author":[{"embeddable":true,"href":"https:\/\/izarconsultoria.com.br\/novo\/wp-json\/wp\/v2\/users\/1"}],"replies":[{"embeddable":true,"href":"https:\/\/izarconsultoria.com.br\/novo\/wp-json\/wp\/v2\/comments?post=36"}],"version-history":[{"count":17,"href":"https:\/\/izarconsultoria.com.br\/novo\/wp-json\/wp\/v2\/pages\/36\/revisions"}],"predecessor-version":[{"id":525,"href":"https:\/\/izarconsultoria.com.br\/novo\/wp-json\/wp\/v2\/pages\/36\/revisions\/525"}],"wp:attachment":[{"href":"https:\/\/izarconsultoria.com.br\/novo\/wp-json\/wp\/v2\/media?parent=36"}],"curies":[{"name":"wp","href":"https:\/\/api.w.org\/{rel}","templated":true}]}}